{"id":660,"date":"2018-11-26T12:46:44","date_gmt":"2018-11-26T12:46:44","guid":{"rendered":"https:\/\/grupototaldemexico.com\/?page_id=660"},"modified":"2023-10-19T19:03:35","modified_gmt":"2023-10-20T01:03:35","slug":"projects","status":"publish","type":"page","link":"https:\/\/grupototaldemexico.com\/?page_id=660","title":{"rendered":"proyectos"},"content":{"rendered":"\t\t<div data-elementor-type=\"wp-post\" data-elementor-id=\"660\" class=\"elementor elementor-660\">\n\t\t\t\t\t\t\t\t\t<section class=\"elementor-section elementor-top-section elementor-element elementor-element-7d0b1fd elementor-section-content-middle elementor-section-boxed elementor-section-height-default elementor-section-height-default\" data-id=\"7d0b1fd\" data-element_type=\"section\" data-settings=\"{&quot;background_background&quot;:&quot;classic&quot;}\">\n\t\t\t\t\t\t\t<div class=\"elementor-background-overlay\"><\/div>\n\t\t\t\t\t\t\t<div class=\"elementor-container elementor-column-gap-no\">\n\t\t\t\t\t<div class=\"elementor-column elementor-col-100 elementor-top-column elementor-element elementor-element-2365ee4d\" data-id=\"2365ee4d\" data-element_type=\"column\">\n\t\t\t<div class=\"elementor-widget-wrap elementor-element-populated\">\n\t\t\t\t\t\t\t\t<div class=\"elementor-element elementor-element-3e363d46 elementor-widget elementor-widget-heading\" data-id=\"3e363d46\" data-element_type=\"widget\" data-widget_type=\"heading.default\">\n\t\t\t\t<div class=\"elementor-widget-container\">\n\t\t\t<style>\/*! elementor - v3.17.0 - 08-11-2023 *\/\n.elementor-heading-title{padding:0;margin:0;line-height:1}.elementor-widget-heading .elementor-heading-title[class*=elementor-size-]>a{color:inherit;font-size:inherit;line-height:inherit}.elementor-widget-heading .elementor-heading-title.elementor-size-small{font-size:15px}.elementor-widget-heading .elementor-heading-title.elementor-size-medium{font-size:19px}.elementor-widget-heading .elementor-heading-title.elementor-size-large{font-size:29px}.elementor-widget-heading .elementor-heading-title.elementor-size-xl{font-size:39px}.elementor-widget-heading .elementor-heading-title.elementor-size-xxl{font-size:59px}<\/style><h1 class=\"elementor-heading-title elementor-size-default\">PROYECTOS<\/h1>\t\t<\/div>\n\t\t\t\t<\/div>\n\t\t\t\t\t<\/div>\n\t\t<\/div>\n\t\t\t\t\t\t\t<\/div>\n\t\t<\/section>\n\t\t\t\t<section class=\"elementor-section elementor-top-section elementor-element elementor-element-695b2b0f elementor-section-content-top elementor-section-boxed elementor-section-height-default elementor-section-height-default\" data-id=\"695b2b0f\" data-element_type=\"section\" data-settings=\"{&quot;background_background&quot;:&quot;classic&quot;}\">\n\t\t\t\t\t\t<div class=\"elementor-container elementor-column-gap-no\">\n\t\t\t\t\t<div class=\"elementor-column elementor-col-50 elementor-top-column elementor-element elementor-element-43d414b9\" data-id=\"43d414b9\" data-element_type=\"column\">\n\t\t\t<div class=\"elementor-widget-wrap elementor-element-populated\">\n\t\t\t\t\t\t\t\t<div class=\"elementor-element elementor-element-2999a38a elementor-widget elementor-widget-image\" data-id=\"2999a38a\" data-element_type=\"widget\" data-widget_type=\"image.default\">\n\t\t\t\t<div class=\"elementor-widget-container\">\n\t\t\t<style>\/*! elementor - v3.17.0 - 08-11-2023 *\/\n.elementor-widget-image{text-align:center}.elementor-widget-image a{display:inline-block}.elementor-widget-image a img[src$=\".svg\"]{width:48px}.elementor-widget-image img{vertical-align:middle;display:inline-block}<\/style>\t\t\t\t\t\t\t\t\t\t\t\t<img loading=\"lazy\" decoding=\"async\" width=\"3840\" height=\"2160\" src=\"https:\/\/grupototaldemexico.com\/wp-content\/uploads\/2023\/09\/21-Terrapuerto-Metropolitano-de-Orizaba-PFZ-05-Sketchup-V-Ray-Enscape-3D-PS-2021.png\" class=\"attachment-full size-full wp-image-858\" alt=\"\" srcset=\"https:\/\/grupototaldemexico.com\/wp-content\/uploads\/2023\/09\/21-Terrapuerto-Metropolitano-de-Orizaba-PFZ-05-Sketchup-V-Ray-Enscape-3D-PS-2021.png 3840w, https:\/\/grupototaldemexico.com\/wp-content\/uploads\/2023\/09\/21-Terrapuerto-Metropolitano-de-Orizaba-PFZ-05-Sketchup-V-Ray-Enscape-3D-PS-2021-300x169.png 300w, https:\/\/grupototaldemexico.com\/wp-content\/uploads\/2023\/09\/21-Terrapuerto-Metropolitano-de-Orizaba-PFZ-05-Sketchup-V-Ray-Enscape-3D-PS-2021-1024x576.png 1024w, https:\/\/grupototaldemexico.com\/wp-content\/uploads\/2023\/09\/21-Terrapuerto-Metropolitano-de-Orizaba-PFZ-05-Sketchup-V-Ray-Enscape-3D-PS-2021-768x432.png 768w, https:\/\/grupototaldemexico.com\/wp-content\/uploads\/2023\/09\/21-Terrapuerto-Metropolitano-de-Orizaba-PFZ-05-Sketchup-V-Ray-Enscape-3D-PS-2021-1536x864.png 1536w, https:\/\/grupototaldemexico.com\/wp-content\/uploads\/2023\/09\/21-Terrapuerto-Metropolitano-de-Orizaba-PFZ-05-Sketchup-V-Ray-Enscape-3D-PS-2021-2048x1152.png 2048w\" sizes=\"auto, (max-width: 3840px) 100vw, 3840px\" \/>\t\t\t\t\t\t\t\t\t\t\t\t\t\t\t<\/div>\n\t\t\t\t<\/div>\n\t\t\t\t<div class=\"elementor-element elementor-element-65a46ba6 elementor-widget elementor-widget-heading\" data-id=\"65a46ba6\" data-element_type=\"widget\" data-widget_type=\"heading.default\">\n\t\t\t\t<div class=\"elementor-widget-container\">\n\t\t\t<h4 class=\"elementor-heading-title elementor-size-default\">Dise\u00f1o y Arquitectura<\/h4>\t\t<\/div>\n\t\t\t\t<\/div>\n\t\t\t\t<div class=\"elementor-element elementor-element-2922c6da elementor-widget elementor-widget-text-editor\" data-id=\"2922c6da\" data-element_type=\"widget\" data-widget_type=\"text-editor.default\">\n\t\t\t\t<div class=\"elementor-widget-container\">\n\t\t\t<style>\/*! elementor - v3.17.0 - 08-11-2023 *\/\n.elementor-widget-text-editor.elementor-drop-cap-view-stacked .elementor-drop-cap{background-color:#69727d;color:#fff}.elementor-widget-text-editor.elementor-drop-cap-view-framed .elementor-drop-cap{color:#69727d;border:3px solid;background-color:transparent}.elementor-widget-text-editor:not(.elementor-drop-cap-view-default) .elementor-drop-cap{margin-top:8px}.elementor-widget-text-editor:not(.elementor-drop-cap-view-default) .elementor-drop-cap-letter{width:1em;height:1em}.elementor-widget-text-editor .elementor-drop-cap{float:left;text-align:center;line-height:1;font-size:50px}.elementor-widget-text-editor .elementor-drop-cap-letter{display:inline-block}<\/style>\t\t\t\t<p>Ofrecemos Dise\u00f1o Arquitect\u00f3nico innovador que transforma ideas en espacios funcionales y est\u00e9ticos. Nuestra especializaci\u00f3n en Modelado 3D y fotogrametr\u00eda a\u00e9rea permite una comprensi\u00f3n precisa del entorno, garantizando proyectos de calidad. Impulsamos la visualizaci\u00f3n digital a trav\u00e9s de renderizados hiperrealistas, brindando una visi\u00f3n detallada y emocionante de sus proyectos antes de la construcci\u00f3n.\u00a0 Adem\u00e1s, nuestros recorridos virtuales sumergen a los clientes en sus futuros espacios, mejorando dr\u00e1sticamente la toma de decisiones de manera oportuna.<\/p>\t\t\t\t\t\t<\/div>\n\t\t\t\t<\/div>\n\t\t\t\t\t<\/div>\n\t\t<\/div>\n\t\t\t\t<div class=\"elementor-column elementor-col-50 elementor-top-column elementor-element elementor-element-479f1207\" data-id=\"479f1207\" data-element_type=\"column\">\n\t\t\t<div class=\"elementor-widget-wrap elementor-element-populated\">\n\t\t\t\t\t\t\t\t<div class=\"elementor-element elementor-element-1c138690 elementor-widget elementor-widget-image\" data-id=\"1c138690\" data-element_type=\"widget\" data-widget_type=\"image.default\">\n\t\t\t\t<div class=\"elementor-widget-container\">\n\t\t\t\t\t\t\t\t\t\t\t\t\t\t\t<img loading=\"lazy\" decoding=\"async\" width=\"3840\" height=\"2160\" src=\"https:\/\/grupototaldemexico.com\/wp-content\/uploads\/2023\/09\/14-CIDAC-Centro-de-Investigacion-y-Docencia-Ambiental-y-Ciencias-de-la-Tierra-01-Sketchup-Enscape-3D-PS-2021-1.png\" class=\"attachment-full size-full wp-image-920\" alt=\"\" srcset=\"https:\/\/grupototaldemexico.com\/wp-content\/uploads\/2023\/09\/14-CIDAC-Centro-de-Investigacion-y-Docencia-Ambiental-y-Ciencias-de-la-Tierra-01-Sketchup-Enscape-3D-PS-2021-1.png 3840w, https:\/\/grupototaldemexico.com\/wp-content\/uploads\/2023\/09\/14-CIDAC-Centro-de-Investigacion-y-Docencia-Ambiental-y-Ciencias-de-la-Tierra-01-Sketchup-Enscape-3D-PS-2021-1-300x169.png 300w, https:\/\/grupototaldemexico.com\/wp-content\/uploads\/2023\/09\/14-CIDAC-Centro-de-Investigacion-y-Docencia-Ambiental-y-Ciencias-de-la-Tierra-01-Sketchup-Enscape-3D-PS-2021-1-1024x576.png 1024w, https:\/\/grupototaldemexico.com\/wp-content\/uploads\/2023\/09\/14-CIDAC-Centro-de-Investigacion-y-Docencia-Ambiental-y-Ciencias-de-la-Tierra-01-Sketchup-Enscape-3D-PS-2021-1-768x432.png 768w, https:\/\/grupototaldemexico.com\/wp-content\/uploads\/2023\/09\/14-CIDAC-Centro-de-Investigacion-y-Docencia-Ambiental-y-Ciencias-de-la-Tierra-01-Sketchup-Enscape-3D-PS-2021-1-1536x864.png 1536w, https:\/\/grupototaldemexico.com\/wp-content\/uploads\/2023\/09\/14-CIDAC-Centro-de-Investigacion-y-Docencia-Ambiental-y-Ciencias-de-la-Tierra-01-Sketchup-Enscape-3D-PS-2021-1-2048x1152.png 2048w\" sizes=\"auto, (max-width: 3840px) 100vw, 3840px\" \/>\t\t\t\t\t\t\t\t\t\t\t\t\t\t\t<\/div>\n\t\t\t\t<\/div>\n\t\t\t\t<div class=\"elementor-element elementor-element-659e6e22 elementor-widget elementor-widget-heading\" data-id=\"659e6e22\" data-element_type=\"widget\" data-widget_type=\"heading.default\">\n\t\t\t\t<div class=\"elementor-widget-container\">\n\t\t\t<h4 class=\"elementor-heading-title elementor-size-default\">Construcci\u00f3n<\/h4>\t\t<\/div>\n\t\t\t\t<\/div>\n\t\t\t\t<div class=\"elementor-element elementor-element-61fbbb60 elementor-widget elementor-widget-text-editor\" data-id=\"61fbbb60\" data-element_type=\"widget\" data-widget_type=\"text-editor.default\">\n\t\t\t\t<div class=\"elementor-widget-container\">\n\t\t\t\t\t\t\t<p>Somos l\u00edderes en servicios de construcci\u00f3n y remodelaci\u00f3n, ofreciendo soluciones integrales en ingenier\u00eda y obra civil. Nuestro compromiso con la excelencia se refleja en cada proyecto que emprendemos. Desde construcci\u00f3n de viviendas hasta proyectos industriales, brindamos calidad y eficiencia en cada paso del proceso. Adem\u00e1s, simplificamos la tramitolog\u00eda para que nuestros clientes no se preocupen por los detalles burocr\u00e1ticos. Nuestro equipo de expertos trabaja con pasi\u00f3n y precisi\u00f3n, garantizando resultados excepcionales.<\/p>\t\t\t\t\t\t<\/div>\n\t\t\t\t<\/div>\n\t\t\t\t\t<\/div>\n\t\t<\/div>\n\t\t\t\t\t\t\t<\/div>\n\t\t<\/section>\n\t\t\t\t<section class=\"elementor-section elementor-top-section elementor-element elementor-element-5765c148 elementor-section-content-top elementor-section-boxed elementor-section-height-default elementor-section-height-default\" data-id=\"5765c148\" data-element_type=\"section\" data-settings=\"{&quot;background_background&quot;:&quot;classic&quot;}\">\n\t\t\t\t\t\t<div class=\"elementor-container elementor-column-gap-no\">\n\t\t\t\t\t<div class=\"elementor-column elementor-col-50 elementor-top-column elementor-element elementor-element-52d4d70b\" data-id=\"52d4d70b\" data-element_type=\"column\">\n\t\t\t<div class=\"elementor-widget-wrap elementor-element-populated\">\n\t\t\t\t\t\t\t\t<div class=\"elementor-element elementor-element-6a4ef52a elementor-widget elementor-widget-image\" data-id=\"6a4ef52a\" data-element_type=\"widget\" data-widget_type=\"image.default\">\n\t\t\t\t<div class=\"elementor-widget-container\">\n\t\t\t\t\t\t\t\t\t\t\t\t\t\t\t<img loading=\"lazy\" decoding=\"async\" width=\"590\" height=\"400\" src=\"https:\/\/grupototaldemexico.com\/wp-content\/uploads\/2018\/11\/project-3.jpg\" class=\"attachment-full size-full wp-image-173\" alt=\"\" srcset=\"https:\/\/grupototaldemexico.com\/wp-content\/uploads\/2018\/11\/project-3.jpg 590w, https:\/\/grupototaldemexico.com\/wp-content\/uploads\/2018\/11\/project-3-300x203.jpg 300w\" sizes=\"auto, (max-width: 590px) 100vw, 590px\" \/>\t\t\t\t\t\t\t\t\t\t\t\t\t\t\t<\/div>\n\t\t\t\t<\/div>\n\t\t\t\t<div class=\"elementor-element elementor-element-7fb3834f elementor-widget elementor-widget-heading\" data-id=\"7fb3834f\" data-element_type=\"widget\" data-widget_type=\"heading.default\">\n\t\t\t\t<div class=\"elementor-widget-container\">\n\t\t\t<h4 class=\"elementor-heading-title elementor-size-default\">Mantenimiento Industrial, Comercial y Residencial<\/h4>\t\t<\/div>\n\t\t\t\t<\/div>\n\t\t\t\t<div class=\"elementor-element elementor-element-cf4ffec elementor-widget elementor-widget-text-editor\" data-id=\"cf4ffec\" data-element_type=\"widget\" data-widget_type=\"text-editor.default\">\n\t\t\t\t<div class=\"elementor-widget-container\">\n\t\t\t\t\t\t\t<p>Click edit button to change this text. Lorem ipsum dolor sit amet, consectetur adipiscing elit. Ut elit tellus, luctus nec ullamcorper mattis, pulvinar dapibus leo.\u00a0Proin gravida nibh vel velit auctor aliquet. Aenean sollicitudin, lorem quis.<\/p>\t\t\t\t\t\t<\/div>\n\t\t\t\t<\/div>\n\t\t\t\t<div class=\"elementor-element elementor-element-309211f elementor-widget elementor-widget-heading\" data-id=\"309211f\" data-element_type=\"widget\" data-widget_type=\"heading.default\">\n\t\t\t\t<div class=\"elementor-widget-container\">\n\t\t\t<h4 class=\"elementor-heading-title elementor-size-default\">Luctus nec ullamcorper mattis, pulvinar dapibus leo.\u00a0Proin gravida nibh vel velit auctor aliquet<\/h4>\t\t<\/div>\n\t\t\t\t<\/div>\n\t\t\t\t\t<\/div>\n\t\t<\/div>\n\t\t\t\t<div class=\"elementor-column elementor-col-50 elementor-top-column elementor-element elementor-element-508673ec\" data-id=\"508673ec\" data-element_type=\"column\">\n\t\t\t<div class=\"elementor-widget-wrap elementor-element-populated\">\n\t\t\t\t\t\t\t\t<div class=\"elementor-element elementor-element-5a9c6e27 elementor-widget elementor-widget-image\" data-id=\"5a9c6e27\" data-element_type=\"widget\" data-widget_type=\"image.default\">\n\t\t\t\t<div class=\"elementor-widget-container\">\n\t\t\t\t\t\t\t\t\t\t\t\t\t\t\t<img loading=\"lazy\" decoding=\"async\" width=\"3840\" height=\"2160\" src=\"https:\/\/grupototaldemexico.com\/wp-content\/uploads\/2023\/09\/21-Terrapuerto-Metropolitano-de-Orizaba-PFZ-05-Sketchup-V-Ray-Enscape-3D-PS-2021.png\" class=\"attachment-full size-full wp-image-858\" alt=\"\" srcset=\"https:\/\/grupototaldemexico.com\/wp-content\/uploads\/2023\/09\/21-Terrapuerto-Metropolitano-de-Orizaba-PFZ-05-Sketchup-V-Ray-Enscape-3D-PS-2021.png 3840w, https:\/\/grupototaldemexico.com\/wp-content\/uploads\/2023\/09\/21-Terrapuerto-Metropolitano-de-Orizaba-PFZ-05-Sketchup-V-Ray-Enscape-3D-PS-2021-300x169.png 300w, https:\/\/grupototaldemexico.com\/wp-content\/uploads\/2023\/09\/21-Terrapuerto-Metropolitano-de-Orizaba-PFZ-05-Sketchup-V-Ray-Enscape-3D-PS-2021-1024x576.png 1024w, https:\/\/grupototaldemexico.com\/wp-content\/uploads\/2023\/09\/21-Terrapuerto-Metropolitano-de-Orizaba-PFZ-05-Sketchup-V-Ray-Enscape-3D-PS-2021-768x432.png 768w, https:\/\/grupototaldemexico.com\/wp-content\/uploads\/2023\/09\/21-Terrapuerto-Metropolitano-de-Orizaba-PFZ-05-Sketchup-V-Ray-Enscape-3D-PS-2021-1536x864.png 1536w, https:\/\/grupototaldemexico.com\/wp-content\/uploads\/2023\/09\/21-Terrapuerto-Metropolitano-de-Orizaba-PFZ-05-Sketchup-V-Ray-Enscape-3D-PS-2021-2048x1152.png 2048w\" sizes=\"auto, (max-width: 3840px) 100vw, 3840px\" \/>\t\t\t\t\t\t\t\t\t\t\t\t\t\t\t<\/div>\n\t\t\t\t<\/div>\n\t\t\t\t<div class=\"elementor-element elementor-element-5feb3576 elementor-widget elementor-widget-heading\" data-id=\"5feb3576\" data-element_type=\"widget\" data-widget_type=\"heading.default\">\n\t\t\t\t<div class=\"elementor-widget-container\">\n\t\t\t<h4 class=\"elementor-heading-title elementor-size-default\">High Quality Gears & Conveyors<\/h4>\t\t<\/div>\n\t\t\t\t<\/div>\n\t\t\t\t<div class=\"elementor-element elementor-element-3d74166f elementor-widget elementor-widget-text-editor\" data-id=\"3d74166f\" data-element_type=\"widget\" data-widget_type=\"text-editor.default\">\n\t\t\t\t<div class=\"elementor-widget-container\">\n\t\t\t\t\t\t\t<p>Click edit button to change this text. Lorem ipsum dolor sit amet, consectetur adipiscing elit. Ut elit tellus, luctus nec ullamcorper mattis, pulvinar dapibus leo.\u00a0Proin gravida nibh vel velit auctor aliquet. Aenean sollicitudin, lorem quis.<\/p>\t\t\t\t\t\t<\/div>\n\t\t\t\t<\/div>\n\t\t\t\t<div class=\"elementor-element elementor-element-afa8097 elementor-widget elementor-widget-heading\" data-id=\"afa8097\" data-element_type=\"widget\" data-widget_type=\"heading.default\">\n\t\t\t\t<div class=\"elementor-widget-container\">\n\t\t\t<h4 class=\"elementor-heading-title elementor-size-default\">Luctus nec ullamcorper mattis, pulvinar dapibus leo.\u00a0Proin gravida nibh vel velit auctor aliquet<\/h4>\t\t<\/div>\n\t\t\t\t<\/div>\n\t\t\t\t\t<\/div>\n\t\t<\/div>\n\t\t\t\t\t\t\t<\/div>\n\t\t<\/section>\n\t\t\t\t<section class=\"elementor-section elementor-top-section elementor-element elementor-element-424aa8f8 elementor-section-boxed elementor-section-height-default elementor-section-height-default\" data-id=\"424aa8f8\" data-element_type=\"section\" data-settings=\"{&quot;background_background&quot;:&quot;classic&quot;}\">\n\t\t\t\t\t\t<div class=\"elementor-container elementor-column-gap-default\">\n\t\t\t\t\t<div class=\"elementor-column elementor-col-25 elementor-top-column elementor-element elementor-element-47dc678\" data-id=\"47dc678\" data-element_type=\"column\">\n\t\t\t<div class=\"elementor-widget-wrap\">\n\t\t\t\t\t\t\t\t\t<\/div>\n\t\t<\/div>\n\t\t\t\t<div class=\"elementor-column elementor-col-25 elementor-top-column elementor-element elementor-element-404eac3f\" data-id=\"404eac3f\" data-element_type=\"column\">\n\t\t\t<div class=\"elementor-widget-wrap elementor-element-populated\">\n\t\t\t\t\t\t\t\t<div class=\"elementor-element elementor-element-34975a22 elementor-widget elementor-widget-heading\" data-id=\"34975a22\" data-element_type=\"widget\" data-widget_type=\"heading.default\">\n\t\t\t\t<div class=\"elementor-widget-container\">\n\t\t\t<h3 class=\"elementor-heading-title elementor-size-default\"><span style=\"color: var(--ast-global-color-2); font-size: 1.53333rem; background-color: var(--ast-global-color-4);\">\u00bfNecesita ayuda con soluciones industriales, comerciales o residenciales m\u00e1s sencillas? \u00a1GTM es experto!<\/span><\/h3>\t\t<\/div>\n\t\t\t\t<\/div>\n\t\t\t\t\t<\/div>\n\t\t<\/div>\n\t\t\t\t<div class=\"elementor-column elementor-col-25 elementor-top-column elementor-element elementor-element-70e92261\" data-id=\"70e92261\" data-element_type=\"column\">\n\t\t\t<div class=\"elementor-widget-wrap elementor-element-populated\">\n\t\t\t\t\t\t\t\t<div class=\"elementor-element elementor-element-78818cc6 elementor-align-center elementor-widget elementor-widget-button\" data-id=\"78818cc6\" data-element_type=\"widget\" data-widget_type=\"button.default\">\n\t\t\t\t<div class=\"elementor-widget-container\">\n\t\t\t\t\t<div class=\"elementor-button-wrapper\">\n\t\t\t<a class=\"elementor-button elementor-button-link elementor-size-sm\" href=\"https:\/\/grupototaldemexico.com\/?page_id=10\">\n\t\t\t\t\t\t<span class=\"elementor-button-content-wrapper\">\n\t\t\t\t\t\t<span class=\"elementor-button-text\">Contacto<\/span>\n\t\t<\/span>\n\t\t\t\t\t<\/a>\n\t\t<\/div>\n\t\t\t\t<\/div>\n\t\t\t\t<\/div>\n\t\t\t\t\t<\/div>\n\t\t<\/div>\n\t\t\t\t<div class=\"elementor-column elementor-col-25 elementor-top-column elementor-element elementor-element-32df6e90\" data-id=\"32df6e90\" data-element_type=\"column\">\n\t\t\t<div class=\"elementor-widget-wrap\">\n\t\t\t\t\t\t\t\t\t<\/div>\n\t\t<\/div>\n\t\t\t\t\t\t\t<\/div>\n\t\t<\/section>\n\t\t\t\t\t\t\t<\/div>\n\t\t","protected":false},"excerpt":{"rendered":"<p>PROYECTOS Dise\u00f1o y Arquitectura Ofrecemos Dise\u00f1o Arquitect\u00f3nico innovador que transforma ideas en espacios funcionales y est\u00e9ticos. Nuestra especializaci\u00f3n en Modelado 3D y fotogrametr\u00eda a\u00e9rea permite una comprensi\u00f3n precisa del entorno, garantizando proyectos de calidad. Impulsamos la visualizaci\u00f3n digital a trav\u00e9s de renderizados hiperrealistas, brindando una visi\u00f3n detallada y emocionante de sus proyectos antes de la [&hellip;]<\/p>\n","protected":false},"author":1,"featured_media":0,"parent":0,"menu_order":0,"comment_status":"closed","ping_status":"closed","template":"","meta":{"site-sidebar-layout":"no-sidebar","site-content-layout":"page-builder","ast-site-content-layout":"full-width-container","site-content-style":"unboxed","site-sidebar-style":"unboxed","ast-global-header-display":"","ast-banner-title-visibility":"","ast-main-header-display":"","ast-hfb-above-header-display":"","ast-hfb-below-header-display":"","ast-hfb-mobile-header-display":"","site-post-title":"disabled","ast-breadcrumbs-content":"","ast-featured-img":"disabled","footer-sml-layout":"","ast-disable-related-posts":"","theme-transparent-header-meta":"enabled","adv-header-id-meta":"","stick-header-meta":"","header-above-stick-meta":"","header-main-stick-meta":"","header-below-stick-meta":"","astra-migrate-meta-layouts":"set","ast-page-background-enabled":"default","ast-page-background-meta":{"desktop":{"background-color":"","background-image":"","background-repeat":"repeat","background-position":"center center","background-size":"auto","background-attachment":"scroll","background-type":"","background-media":"","overlay-type":"","overlay-color":"","overlay-opacity":"","overlay-gradient":""},"tablet":{"background-color":"","background-image":"","background-repeat":"repeat","background-position":"center center","background-size":"auto","background-attachment":"scroll","background-type":"","background-media":"","overlay-type":"","overlay-color":"","overlay-opacity":"","overlay-gradient":""},"mobile":{"background-color":"","background-image":"","background-repeat":"repeat","background-position":"center center","background-size":"auto","background-attachment":"scroll","background-type":"","background-media":"","overlay-type":"","overlay-color":"","overlay-opacity":"","overlay-gradient":""}},"ast-content-background-meta":{"desktop":{"background-color":"var(--ast-global-color-5)","background-image":"","background-repeat":"repeat","background-position":"center center","background-size":"auto","background-attachment":"scroll","background-type":"","background-media":"","overlay-type":"","overlay-color":"","overlay-opacity":"","overlay-gradient":""},"tablet":{"background-color":"var(--ast-global-color-5)","background-image":"","background-repeat":"repeat","background-position":"center center","background-size":"auto","background-attachment":"scroll","background-type":"","background-media":"","overlay-type":"","overlay-color":"","overlay-opacity":"","overlay-gradient":""},"mobile":{"background-color":"var(--ast-global-color-5)","background-image":"","background-repeat":"repeat","background-position":"center center","background-size":"auto","background-attachment":"scroll","background-type":"","background-media":"","overlay-type":"","overlay-color":"","overlay-opacity":"","overlay-gradient":""}},"footnotes":""},"class_list":["post-660","page","type-page","status-publish","hentry"],"_links":{"self":[{"href":"https:\/\/grupototaldemexico.com\/index.php?rest_route=\/wp\/v2\/pages\/660","targetHints":{"allow":["GET"]}}],"collection":[{"href":"https:\/\/grupototaldemexico.com\/index.php?rest_route=\/wp\/v2\/pages"}],"about":[{"href":"https:\/\/grupototaldemexico.com\/index.php?rest_route=\/wp\/v2\/types\/page"}],"author":[{"embeddable":true,"href":"https:\/\/grupototaldemexico.com\/index.php?rest_route=\/wp\/v2\/users\/1"}],"replies":[{"embeddable":true,"href":"https:\/\/grupototaldemexico.com\/index.php?rest_route=%2Fwp%2Fv2%2Fcomments&post=660"}],"version-history":[{"count":10,"href":"https:\/\/grupototaldemexico.com\/index.php?rest_route=\/wp\/v2\/pages\/660\/revisions"}],"predecessor-version":[{"id":1223,"href":"https:\/\/grupototaldemexico.com\/index.php?rest_route=\/wp\/v2\/pages\/660\/revisions\/1223"}],"wp:attachment":[{"href":"https:\/\/grupototaldemexico.com\/index.php?rest_route=%2Fwp%2Fv2%2Fmedia&parent=660"}],"curies":[{"name":"wp","href":"https:\/\/api.w.org\/{rel}","templated":true}]}}